{"id":4657,"date":"2022-11-13T16:16:27","date_gmt":"2022-11-13T15:16:27","guid":{"rendered":"https:\/\/nordicprime.me\/?post_type=product&#038;p=4657"},"modified":"2023-01-23T18:05:29","modified_gmt":"2023-01-23T17:05:29","slug":"iptv-subscription-1-month","status":"publish","type":"product","link":"https:\/\/nordicprime.me\/da\/vare\/iptv-subscription-1-month\/","title":{"rendered":"IPTV \u2013 1 m\u00e5ned"},"content":{"rendered":"<p><span class=\"VIiyi\" lang=\"da\"><strong><span class=\"JLqJ4b ChMk0b\" data-language-for-alternatives=\"da\" data-language-to-translate-into=\"en\" data-phrase-index=\"0\" data-number-of-phrases=\"11\">PREMIUM IPTV-PAKKE<\/span><\/strong><\/span><\/p>\n<div class=\"mb32\">\n<p>Pr\u00f8v vores tjenester GRATIS f\u00f8r du k\u00f8ber! Vi vil gerne sikre os, at du har en moderne streaming-enhed og opfylder internetkravene, s\u00e5 vi kan sikre, at du er tilfreds og glad for vores premium-tjenester.<\/p>\n<p>Ikke kun 10 000+ Premium-kanaler, PPV og ALLE sportsgrene, men ogs\u00e5 adgang til vores store udvalg af film og tv-udsendelser ON-DEMAND.<\/p>\n<\/div>","protected":false},"excerpt":{"rendered":"<p>Nyd indhold fra hele verden. Med adgang til kanaler fra 60 lande og ca. 10.000 kanaler kan du altid finde noget at se.<\/p>\n<p>Film, serier, dokumentarfilm eller sport. Alt er let tilg\u00e6ngeligt p\u00e5 dit tv, din tablet, pc eller mobil.<\/p>\n<p>Se Premier League, NHL, Bundesligaen, Serie A, La Liga og mange, mange flere ligaer.<\/p>\n<p>Vores tjeneste erstatter popul\u00e6re streamingtjenester som Netflix, HBO, Disney+ og mange flere.<br \/>\nDer tilf\u00f8jes nye film og serier hver uge.<\/p>","protected":false},"featured_media":4653,"template":"","meta":{"site-sidebar-layout":"default","site-content-layout":"default","ast-site-content-layout":"default","site-content-style":"default","site-sidebar-style":"default","ast-global-header-display":"","ast-banner-title-visibility":"","ast-main-header-display":"","ast-hfb-above-header-display":"","ast-hfb-below-header-display":"","ast-hfb-mobile-header-display":"","site-post-title":"","ast-breadcrumbs-content":"","ast-featured-img":"","footer-sml-layout":"","ast-disable-related-posts":"","theme-transparent-header-meta":"default","adv-header-id-meta":"","stick-header-meta":"","header-above-stick-meta":"","header-main-stick-meta":"","header-below-stick-meta":"","astra-migrate-meta-layouts":"default","ast-page-background-enabled":"default","ast-page-background-meta":{"desktop":{"background-color":"var(--ast-global-color-4)","background-image":"","background-repeat":"repeat","background-position":"center center","background-size":"auto","background-attachment":"scroll","background-type":"","background-media":"","overlay-type":"","overlay-color":"","overlay-opacity":"","overlay-gradient":""},"tablet":{"background-color":"","background-image":"","background-repeat":"repeat","background-position":"center center","background-size":"auto","background-attachment":"scroll","background-type":"","background-media":"","overlay-type":"","overlay-color":"","overlay-opacity":"","overlay-gradient":""},"mobile":{"background-color":"","background-image":"","background-repeat":"repeat","background-position":"center center","background-size":"auto","background-attachment":"scroll","background-type":"","background-media":"","overlay-type":"","overlay-color":"","overlay-opacity":"","overlay-gradient":""}},"ast-content-background-meta":{"desktop":{"background-color":"var(--ast-global-color-5)","background-image":"","background-repeat":"repeat","background-position":"center center","background-size":"auto","background-attachment":"scroll","background-type":"","background-media":"","overlay-type":"","overlay-color":"","overlay-opacity":"","overlay-gradient":""},"tablet":{"background-color":"var(--ast-global-color-5)","background-image":"","background-repeat":"repeat","background-position":"center center","background-size":"auto","background-attachment":"scroll","background-type":"","background-media":"","overlay-type":"","overlay-color":"","overlay-opacity":"","overlay-gradient":""},"mobile":{"background-color":"var(--ast-global-color-5)","background-image":"","background-repeat":"repeat","background-position":"center center","background-size":"auto","background-attachment":"scroll","background-type":"","background-media":"","overlay-type":"","overlay-color":"","overlay-opacity":"","overlay-gradient":""}}},"product_brand":[],"product_cat":[33],"product_tag":[26],"class_list":{"0":"post-4657","1":"product","2":"type-product","3":"status-publish","4":"has-post-thumbnail","6":"product_cat-iptv","7":"product_tag-iptv","8":"desktop-align-left","9":"tablet-align-left","10":"mobile-align-left","12":"first","13":"instock","14":"shipping-taxable","15":"product-type-external"},"yoast_head":"<!-- This site is optimized with the Yoast SEO plugin v26.9 - https:\/\/yoast.com\/product\/yoast-seo-wordpress\/ -->\n<title>IPTV \u2013 1 month - NORDIC PRIME<\/title>\n<meta name=\"robots\" content=\"index, follow, max-snippet:-1, max-image-preview:large, max-video-preview:-1\" \/>\n<link rel=\"canonical\" href=\"https:\/\/nordicprime.me\/da\/vare\/iptv-subscription-1-month\/\" \/>\n<meta property=\"og:locale\" content=\"da_DK\" \/>\n<meta property=\"og:type\" content=\"article\" \/>\n<meta property=\"og:title\" content=\"IPTV \u2013 1 month - NORDIC PRIME\" \/>\n<meta property=\"og:description\" content=\"Enjoy content from around the world. With access to channels from 60 countries and approx. 10,000 channels, so you&#039;ll always find something to watch.  Movies, series, documentaries, or sports. Everything is available easily on your TV, tablet, PC, or mobile.  Watch the Premier League, NHL, Bundesliga, Serie A, La Liga, and many, many more leagues.  Our service replaces popular streaming services such as Netflix, HBO, Disney+, and many more. New films and series are added weekly.\" \/>\n<meta property=\"og:url\" content=\"https:\/\/nordicprime.me\/da\/vare\/iptv-subscription-1-month\/\" \/>\n<meta property=\"og:site_name\" content=\"NORDIC PRIME\" \/>\n<meta property=\"article:modified_time\" content=\"2023-01-23T17:05:29+00:00\" \/>\n<meta property=\"og:image\" content=\"https:\/\/nordicprime.me\/wp-content\/uploads\/2021\/12\/product.jpg\" \/>\n\t<meta property=\"og:image:width\" content=\"944\" \/>\n\t<meta property=\"og:image:height\" content=\"630\" \/>\n\t<meta property=\"og:image:type\" content=\"image\/jpeg\" \/>\n<meta name=\"twitter:card\" content=\"summary_large_image\" \/>\n<meta name=\"twitter:label1\" content=\"Estimeret l\u00e6setid\" \/>\n\t<meta name=\"twitter:data1\" content=\"1 minut\" \/>\n<script type=\"application\/ld+json\" class=\"yoast-schema-graph\">{\"@context\":\"https:\/\/schema.org\",\"@graph\":[{\"@type\":\"WebPage\",\"@id\":\"https:\/\/nordicprime.me\/product\/iptv-subscription-1-month\/\",\"url\":\"https:\/\/nordicprime.me\/product\/iptv-subscription-1-month\/\",\"name\":\"IPTV \u2013 1 month - NORDIC PRIME\",\"isPartOf\":{\"@id\":\"https:\/\/nordicprime.me\/#website\"},\"primaryImageOfPage\":{\"@id\":\"https:\/\/nordicprime.me\/product\/iptv-subscription-1-month\/#primaryimage\"},\"image\":{\"@id\":\"https:\/\/nordicprime.me\/product\/iptv-subscription-1-month\/#primaryimage\"},\"thumbnailUrl\":\"https:\/\/nordicprime.me\/wp-content\/uploads\/2021\/12\/product.jpg\",\"datePublished\":\"2022-11-13T15:16:27+00:00\",\"dateModified\":\"2023-01-23T17:05:29+00:00\",\"breadcrumb\":{\"@id\":\"https:\/\/nordicprime.me\/product\/iptv-subscription-1-month\/#breadcrumb\"},\"inLanguage\":\"da-DK\",\"potentialAction\":[{\"@type\":\"ReadAction\",\"target\":[\"https:\/\/nordicprime.me\/product\/iptv-subscription-1-month\/\"]}]},{\"@type\":\"ImageObject\",\"inLanguage\":\"da-DK\",\"@id\":\"https:\/\/nordicprime.me\/product\/iptv-subscription-1-month\/#primaryimage\",\"url\":\"https:\/\/nordicprime.me\/wp-content\/uploads\/2021\/12\/product.jpg\",\"contentUrl\":\"https:\/\/nordicprime.me\/wp-content\/uploads\/2021\/12\/product.jpg\",\"width\":944,\"height\":630},{\"@type\":\"BreadcrumbList\",\"@id\":\"https:\/\/nordicprime.me\/product\/iptv-subscription-1-month\/#breadcrumb\",\"itemListElement\":[{\"@type\":\"ListItem\",\"position\":1,\"name\":\"Home\",\"item\":\"https:\/\/nordicprime.me\/\"},{\"@type\":\"ListItem\",\"position\":2,\"name\":\"Shop\",\"item\":\"https:\/\/nordicprime.me\/fi\/shop\/\"},{\"@type\":\"ListItem\",\"position\":3,\"name\":\"IPTV \u2013 1 month\"}]},{\"@type\":\"WebSite\",\"@id\":\"https:\/\/nordicprime.me\/#website\",\"url\":\"https:\/\/nordicprime.me\/\",\"name\":\"NORDIC PRIME\",\"description\":\"PREMIUM IPTV PROVIDER\",\"publisher\":{\"@id\":\"https:\/\/nordicprime.me\/#organization\"},\"potentialAction\":[{\"@type\":\"SearchAction\",\"target\":{\"@type\":\"EntryPoint\",\"urlTemplate\":\"https:\/\/nordicprime.me\/?s={search_term_string}\"},\"query-input\":{\"@type\":\"PropertyValueSpecification\",\"valueRequired\":true,\"valueName\":\"search_term_string\"}}],\"inLanguage\":\"da-DK\"},{\"@type\":\"Organization\",\"@id\":\"https:\/\/nordicprime.me\/#organization\",\"name\":\"Streamy IPTV\",\"url\":\"https:\/\/nordicprime.me\/\",\"logo\":{\"@type\":\"ImageObject\",\"inLanguage\":\"da-DK\",\"@id\":\"https:\/\/nordicprime.me\/#\/schema\/logo\/image\/\",\"url\":\"https:\/\/nordicprime.me\/wp-content\/uploads\/2021\/11\/logo.png\",\"contentUrl\":\"https:\/\/nordicprime.me\/wp-content\/uploads\/2021\/11\/logo.png\",\"width\":236,\"height\":70,\"caption\":\"Streamy IPTV\"},\"image\":{\"@id\":\"https:\/\/nordicprime.me\/#\/schema\/logo\/image\/\"}}]}<\/script>\n<!-- \/ Yoast SEO plugin. -->","yoast_head_json":{"title":"IPTV \u2013 1 month - NORDIC PRIME","robots":{"index":"index","follow":"follow","max-snippet":"max-snippet:-1","max-image-preview":"max-image-preview:large","max-video-preview":"max-video-preview:-1"},"canonical":"https:\/\/nordicprime.me\/da\/vare\/iptv-subscription-1-month\/","og_locale":"da_DK","og_type":"article","og_title":"IPTV \u2013 1 month - NORDIC PRIME","og_description":"Enjoy content from around the world. With access to channels from 60 countries and approx. 10,000 channels, so you'll always find something to watch.  Movies, series, documentaries, or sports. Everything is available easily on your TV, tablet, PC, or mobile.  Watch the Premier League, NHL, Bundesliga, Serie A, La Liga, and many, many more leagues.  Our service replaces popular streaming services such as Netflix, HBO, Disney+, and many more. New films and series are added weekly.","og_url":"https:\/\/nordicprime.me\/da\/vare\/iptv-subscription-1-month\/","og_site_name":"NORDIC PRIME","article_modified_time":"2023-01-23T17:05:29+00:00","og_image":[{"width":944,"height":630,"url":"https:\/\/nordicprime.me\/wp-content\/uploads\/2021\/12\/product.jpg","type":"image\/jpeg"}],"twitter_card":"summary_large_image","twitter_misc":{"Estimeret l\u00e6setid":"1 minut"},"schema":{"@context":"https:\/\/schema.org","@graph":[{"@type":"WebPage","@id":"https:\/\/nordicprime.me\/product\/iptv-subscription-1-month\/","url":"https:\/\/nordicprime.me\/product\/iptv-subscription-1-month\/","name":"IPTV \u2013 1 month - NORDIC PRIME","isPartOf":{"@id":"https:\/\/nordicprime.me\/#website"},"primaryImageOfPage":{"@id":"https:\/\/nordicprime.me\/product\/iptv-subscription-1-month\/#primaryimage"},"image":{"@id":"https:\/\/nordicprime.me\/product\/iptv-subscription-1-month\/#primaryimage"},"thumbnailUrl":"https:\/\/nordicprime.me\/wp-content\/uploads\/2021\/12\/product.jpg","datePublished":"2022-11-13T15:16:27+00:00","dateModified":"2023-01-23T17:05:29+00:00","breadcrumb":{"@id":"https:\/\/nordicprime.me\/product\/iptv-subscription-1-month\/#breadcrumb"},"inLanguage":"da-DK","potentialAction":[{"@type":"ReadAction","target":["https:\/\/nordicprime.me\/product\/iptv-subscription-1-month\/"]}]},{"@type":"ImageObject","inLanguage":"da-DK","@id":"https:\/\/nordicprime.me\/product\/iptv-subscription-1-month\/#primaryimage","url":"https:\/\/nordicprime.me\/wp-content\/uploads\/2021\/12\/product.jpg","contentUrl":"https:\/\/nordicprime.me\/wp-content\/uploads\/2021\/12\/product.jpg","width":944,"height":630},{"@type":"BreadcrumbList","@id":"https:\/\/nordicprime.me\/product\/iptv-subscription-1-month\/#breadcrumb","itemListElement":[{"@type":"ListItem","position":1,"name":"Home","item":"https:\/\/nordicprime.me\/"},{"@type":"ListItem","position":2,"name":"Shop","item":"https:\/\/nordicprime.me\/fi\/shop\/"},{"@type":"ListItem","position":3,"name":"IPTV \u2013 1 month"}]},{"@type":"WebSite","@id":"https:\/\/nordicprime.me\/#website","url":"https:\/\/nordicprime.me\/","name":"NORDISK PRIME","description":"PREMIUM IPTV PROVIDER","publisher":{"@id":"https:\/\/nordicprime.me\/#organization"},"potentialAction":[{"@type":"SearchAction","target":{"@type":"EntryPoint","urlTemplate":"https:\/\/nordicprime.me\/?s={search_term_string}"},"query-input":{"@type":"PropertyValueSpecification","valueRequired":true,"valueName":"search_term_string"}}],"inLanguage":"da-DK"},{"@type":"Organization","@id":"https:\/\/nordicprime.me\/#organization","name":"Streamy IPTV","url":"https:\/\/nordicprime.me\/","logo":{"@type":"ImageObject","inLanguage":"da-DK","@id":"https:\/\/nordicprime.me\/#\/schema\/logo\/image\/","url":"https:\/\/nordicprime.me\/wp-content\/uploads\/2021\/11\/logo.png","contentUrl":"https:\/\/nordicprime.me\/wp-content\/uploads\/2021\/11\/logo.png","width":236,"height":70,"caption":"Streamy IPTV"},"image":{"@id":"https:\/\/nordicprime.me\/#\/schema\/logo\/image\/"}}]}},"_links":{"self":[{"href":"https:\/\/nordicprime.me\/da\/wp-json\/wp\/v2\/product\/4657","targetHints":{"allow":["GET"]}}],"collection":[{"href":"https:\/\/nordicprime.me\/da\/wp-json\/wp\/v2\/product"}],"about":[{"href":"https:\/\/nordicprime.me\/da\/wp-json\/wp\/v2\/types\/product"}],"wp:featuredmedia":[{"embeddable":true,"href":"https:\/\/nordicprime.me\/da\/wp-json\/wp\/v2\/media\/4653"}],"wp:attachment":[{"href":"https:\/\/nordicprime.me\/da\/wp-json\/wp\/v2\/media?parent=4657"}],"wp:term":[{"taxonomy":"product_brand","embeddable":true,"href":"https:\/\/nordicprime.me\/da\/wp-json\/wp\/v2\/product_brand?post=4657"},{"taxonomy":"product_cat","embeddable":true,"href":"https:\/\/nordicprime.me\/da\/wp-json\/wp\/v2\/product_cat?post=4657"},{"taxonomy":"product_tag","embeddable":true,"href":"https:\/\/nordicprime.me\/da\/wp-json\/wp\/v2\/product_tag?post=4657"}],"curies":[{"name":"wp","href":"https:\/\/api.w.org\/{rel}","templated":true}]}}