{"id":4380,"date":"2021-12-02T22:06:57","date_gmt":"2021-12-02T21:06:57","guid":{"rendered":"https:\/\/nordicprime.me\/?post_type=product&#038;p=4380"},"modified":"2023-01-23T18:09:19","modified_gmt":"2023-01-23T17:09:19","slug":"iptv-subscription-12-months","status":"publish","type":"product","link":"https:\/\/nordicprime.me\/de\/produkt\/iptv-subscription-12-months\/","title":{"rendered":"IPTV \u2013 12 Monate"},"content":{"rendered":"<p><span class=\"VIiyi\" lang=\"da\"><strong><span class=\"JLqJ4b ChMk0b\" data-language-for-alternatives=\"da\" data-language-to-translate-into=\"en\" data-phrase-index=\"0\" data-number-of-phrases=\"11\">PREMIUM-IPTV-PAKET<\/span><\/strong><\/span><\/p>\n<div class=\"mb32\">\n<p>Testen Sie unsere Dienste kostenlos, bevor Sie kaufen! Wir m\u00f6chten sicherstellen, dass Sie \u00fcber ein modernes Streaming-Ger\u00e4t verf\u00fcgen und die Internet-Anforderungen erf\u00fcllen, um sicherzustellen, dass Sie mit unseren Premium-Diensten zufrieden und gl\u00fccklich sind.<\/p>\n<p>Nicht nur 10 000+ Premium-Kan\u00e4le, PPV und ALLE Sportarten, sondern auch Zugang zu unserer riesigen Auswahl an FILMEN &amp; TV-SHOWS auf Abruf.<\/p>\n<\/div>","protected":false},"excerpt":{"rendered":"<p>Genie\u00dfen Sie Inhalte aus der ganzen Welt. Mit Zugang zu Kan\u00e4len aus 60 L\u00e4ndern und ca. 10.000 Kan\u00e4len finden Sie immer etwas zum Anschauen.<\/p>\n<p>Filme, Serien, Dokumentarfilme oder Sport. Alles ist ganz einfach auf Ihrem Fernseher, Tablet, PC oder Handy verf\u00fcgbar.<\/p>\n<p>Verfolgen Sie die Premier League, NHL, Bundesliga, Serie A, La Liga und viele, viele weitere Ligen.<\/p>\n<p>Unser Service ersetzt beliebte Streaming-Dienste wie Netflix, HBO, Disney+ und viele mehr.<br \/>\nW\u00f6chentlich werden neue Filme und Serien hinzugef\u00fcgt.<\/p>","protected":false},"featured_media":4653,"template":"","meta":{"site-sidebar-layout":"default","site-content-layout":"default","ast-site-content-layout":"default","site-content-style":"default","site-sidebar-style":"default","ast-global-header-display":"","ast-banner-title-visibility":"","ast-main-header-display":"","ast-hfb-above-header-display":"","ast-hfb-below-header-display":"","ast-hfb-mobile-header-display":"","site-post-title":"","ast-breadcrumbs-content":"","ast-featured-img":"","footer-sml-layout":"","ast-disable-related-posts":"","theme-transparent-header-meta":"default","adv-header-id-meta":"","stick-header-meta":"","header-above-stick-meta":"","header-main-stick-meta":"","header-below-stick-meta":"","astra-migrate-meta-layouts":"default","ast-page-background-enabled":"default","ast-page-background-meta":{"desktop":{"background-color":"var(--ast-global-color-4)","background-image":"","background-repeat":"repeat","background-position":"center center","background-size":"auto","background-attachment":"scroll","background-type":"","background-media":"","overlay-type":"","overlay-color":"","overlay-opacity":"","overlay-gradient":""},"tablet":{"background-color":"","background-image":"","background-repeat":"repeat","background-position":"center center","background-size":"auto","background-attachment":"scroll","background-type":"","background-media":"","overlay-type":"","overlay-color":"","overlay-opacity":"","overlay-gradient":""},"mobile":{"background-color":"","background-image":"","background-repeat":"repeat","background-position":"center center","background-size":"auto","background-attachment":"scroll","background-type":"","background-media":"","overlay-type":"","overlay-color":"","overlay-opacity":"","overlay-gradient":""}},"ast-content-background-meta":{"desktop":{"background-color":"var(--ast-global-color-5)","background-image":"","background-repeat":"repeat","background-position":"center center","background-size":"auto","background-attachment":"scroll","background-type":"","background-media":"","overlay-type":"","overlay-color":"","overlay-opacity":"","overlay-gradient":""},"tablet":{"background-color":"var(--ast-global-color-5)","background-image":"","background-repeat":"repeat","background-position":"center center","background-size":"auto","background-attachment":"scroll","background-type":"","background-media":"","overlay-type":"","overlay-color":"","overlay-opacity":"","overlay-gradient":""},"mobile":{"background-color":"var(--ast-global-color-5)","background-image":"","background-repeat":"repeat","background-position":"center center","background-size":"auto","background-attachment":"scroll","background-type":"","background-media":"","overlay-type":"","overlay-color":"","overlay-opacity":"","overlay-gradient":""}}},"product_brand":[],"product_cat":[33],"product_tag":[26],"class_list":{"0":"post-4380","1":"product","2":"type-product","3":"status-publish","4":"has-post-thumbnail","6":"product_cat-iptv","7":"product_tag-iptv","8":"desktop-align-left","9":"tablet-align-left","10":"mobile-align-left","12":"first","13":"instock","14":"sale","15":"shipping-taxable","16":"product-type-external"},"yoast_head":"<!-- This site is optimized with the Yoast SEO plugin v26.9 - https:\/\/yoast.com\/product\/yoast-seo-wordpress\/ -->\n<title>IPTV \u2013 12 months - NORDIC PRIME<\/title>\n<meta name=\"robots\" content=\"index, follow, max-snippet:-1, max-image-preview:large, max-video-preview:-1\" \/>\n<link rel=\"canonical\" href=\"https:\/\/nordicprime.me\/de\/produkt\/iptv-subscription-12-months\/\" \/>\n<meta property=\"og:locale\" content=\"de_DE\" \/>\n<meta property=\"og:type\" content=\"article\" \/>\n<meta property=\"og:title\" content=\"IPTV \u2013 12 months - NORDIC PRIME\" \/>\n<meta property=\"og:description\" content=\"Enjoy content from around the world. With access to channels from 60 countries and approx. 10,000 channels, so you&#039;ll always find something to watch.  Movies, series, documentaries, or sports. Everything is available easily on your TV, tablet, PC, or mobile.  Watch the Premier League, NHL, Bundesliga, Serie A, La Liga, and many, many more leagues.  Our service replaces popular streaming services such as Netflix, HBO, Disney+, and many more. New films and series are added weekly.\" \/>\n<meta property=\"og:url\" content=\"https:\/\/nordicprime.me\/de\/produkt\/iptv-subscription-12-months\/\" \/>\n<meta property=\"og:site_name\" content=\"NORDIC PRIME\" \/>\n<meta property=\"article:modified_time\" content=\"2023-01-23T17:09:19+00:00\" \/>\n<meta property=\"og:image\" content=\"https:\/\/nordicprime.me\/wp-content\/uploads\/2021\/12\/product.jpg\" \/>\n\t<meta property=\"og:image:width\" content=\"944\" \/>\n\t<meta property=\"og:image:height\" content=\"630\" \/>\n\t<meta property=\"og:image:type\" content=\"image\/jpeg\" \/>\n<meta name=\"twitter:card\" content=\"summary_large_image\" \/>\n<meta name=\"twitter:label1\" content=\"Gesch\u00e4tzte Lesezeit\" \/>\n\t<meta name=\"twitter:data1\" content=\"1\u00a0Minute\" \/>\n<script type=\"application\/ld+json\" class=\"yoast-schema-graph\">{\"@context\":\"https:\/\/schema.org\",\"@graph\":[{\"@type\":\"WebPage\",\"@id\":\"https:\/\/nordicprime.me\/product\/iptv-subscription-12-months\/\",\"url\":\"https:\/\/nordicprime.me\/product\/iptv-subscription-12-months\/\",\"name\":\"IPTV \u2013 12 months - NORDIC PRIME\",\"isPartOf\":{\"@id\":\"https:\/\/nordicprime.me\/#website\"},\"primaryImageOfPage\":{\"@id\":\"https:\/\/nordicprime.me\/product\/iptv-subscription-12-months\/#primaryimage\"},\"image\":{\"@id\":\"https:\/\/nordicprime.me\/product\/iptv-subscription-12-months\/#primaryimage\"},\"thumbnailUrl\":\"https:\/\/nordicprime.me\/wp-content\/uploads\/2021\/12\/product.jpg\",\"datePublished\":\"2021-12-02T21:06:57+00:00\",\"dateModified\":\"2023-01-23T17:09:19+00:00\",\"breadcrumb\":{\"@id\":\"https:\/\/nordicprime.me\/product\/iptv-subscription-12-months\/#breadcrumb\"},\"inLanguage\":\"de\",\"potentialAction\":[{\"@type\":\"ReadAction\",\"target\":[\"https:\/\/nordicprime.me\/product\/iptv-subscription-12-months\/\"]}]},{\"@type\":\"ImageObject\",\"inLanguage\":\"de\",\"@id\":\"https:\/\/nordicprime.me\/product\/iptv-subscription-12-months\/#primaryimage\",\"url\":\"https:\/\/nordicprime.me\/wp-content\/uploads\/2021\/12\/product.jpg\",\"contentUrl\":\"https:\/\/nordicprime.me\/wp-content\/uploads\/2021\/12\/product.jpg\",\"width\":944,\"height\":630},{\"@type\":\"BreadcrumbList\",\"@id\":\"https:\/\/nordicprime.me\/product\/iptv-subscription-12-months\/#breadcrumb\",\"itemListElement\":[{\"@type\":\"ListItem\",\"position\":1,\"name\":\"Home\",\"item\":\"https:\/\/nordicprime.me\/\"},{\"@type\":\"ListItem\",\"position\":2,\"name\":\"Shop\",\"item\":\"https:\/\/nordicprime.me\/fi\/shop\/\"},{\"@type\":\"ListItem\",\"position\":3,\"name\":\"IPTV \u2013 12 months\"}]},{\"@type\":\"WebSite\",\"@id\":\"https:\/\/nordicprime.me\/#website\",\"url\":\"https:\/\/nordicprime.me\/\",\"name\":\"NORDIC PRIME\",\"description\":\"PREMIUM IPTV PROVIDER\",\"publisher\":{\"@id\":\"https:\/\/nordicprime.me\/#organization\"},\"potentialAction\":[{\"@type\":\"SearchAction\",\"target\":{\"@type\":\"EntryPoint\",\"urlTemplate\":\"https:\/\/nordicprime.me\/?s={search_term_string}\"},\"query-input\":{\"@type\":\"PropertyValueSpecification\",\"valueRequired\":true,\"valueName\":\"search_term_string\"}}],\"inLanguage\":\"de\"},{\"@type\":\"Organization\",\"@id\":\"https:\/\/nordicprime.me\/#organization\",\"name\":\"Streamy IPTV\",\"url\":\"https:\/\/nordicprime.me\/\",\"logo\":{\"@type\":\"ImageObject\",\"inLanguage\":\"de\",\"@id\":\"https:\/\/nordicprime.me\/#\/schema\/logo\/image\/\",\"url\":\"https:\/\/nordicprime.me\/wp-content\/uploads\/2021\/11\/logo.png\",\"contentUrl\":\"https:\/\/nordicprime.me\/wp-content\/uploads\/2021\/11\/logo.png\",\"width\":236,\"height\":70,\"caption\":\"Streamy IPTV\"},\"image\":{\"@id\":\"https:\/\/nordicprime.me\/#\/schema\/logo\/image\/\"}}]}<\/script>\n<!-- \/ Yoast SEO plugin. -->","yoast_head_json":{"title":"IPTV \u2013 12 months - NORDIC PRIME","robots":{"index":"index","follow":"follow","max-snippet":"max-snippet:-1","max-image-preview":"max-image-preview:large","max-video-preview":"max-video-preview:-1"},"canonical":"https:\/\/nordicprime.me\/de\/produkt\/iptv-subscription-12-months\/","og_locale":"de_DE","og_type":"article","og_title":"IPTV \u2013 12 months - NORDIC PRIME","og_description":"Enjoy content from around the world. With access to channels from 60 countries and approx. 10,000 channels, so you'll always find something to watch.  Movies, series, documentaries, or sports. Everything is available easily on your TV, tablet, PC, or mobile.  Watch the Premier League, NHL, Bundesliga, Serie A, La Liga, and many, many more leagues.  Our service replaces popular streaming services such as Netflix, HBO, Disney+, and many more. New films and series are added weekly.","og_url":"https:\/\/nordicprime.me\/de\/produkt\/iptv-subscription-12-months\/","og_site_name":"NORDIC PRIME","article_modified_time":"2023-01-23T17:09:19+00:00","og_image":[{"width":944,"height":630,"url":"https:\/\/nordicprime.me\/wp-content\/uploads\/2021\/12\/product.jpg","type":"image\/jpeg"}],"twitter_card":"summary_large_image","twitter_misc":{"Gesch\u00e4tzte Lesezeit":"1\u00a0Minute"},"schema":{"@context":"https:\/\/schema.org","@graph":[{"@type":"WebPage","@id":"https:\/\/nordicprime.me\/product\/iptv-subscription-12-months\/","url":"https:\/\/nordicprime.me\/product\/iptv-subscription-12-months\/","name":"IPTV \u2013 12 months - NORDIC PRIME","isPartOf":{"@id":"https:\/\/nordicprime.me\/#website"},"primaryImageOfPage":{"@id":"https:\/\/nordicprime.me\/product\/iptv-subscription-12-months\/#primaryimage"},"image":{"@id":"https:\/\/nordicprime.me\/product\/iptv-subscription-12-months\/#primaryimage"},"thumbnailUrl":"https:\/\/nordicprime.me\/wp-content\/uploads\/2021\/12\/product.jpg","datePublished":"2021-12-02T21:06:57+00:00","dateModified":"2023-01-23T17:09:19+00:00","breadcrumb":{"@id":"https:\/\/nordicprime.me\/product\/iptv-subscription-12-months\/#breadcrumb"},"inLanguage":"de","potentialAction":[{"@type":"ReadAction","target":["https:\/\/nordicprime.me\/product\/iptv-subscription-12-months\/"]}]},{"@type":"ImageObject","inLanguage":"de","@id":"https:\/\/nordicprime.me\/product\/iptv-subscription-12-months\/#primaryimage","url":"https:\/\/nordicprime.me\/wp-content\/uploads\/2021\/12\/product.jpg","contentUrl":"https:\/\/nordicprime.me\/wp-content\/uploads\/2021\/12\/product.jpg","width":944,"height":630},{"@type":"BreadcrumbList","@id":"https:\/\/nordicprime.me\/product\/iptv-subscription-12-months\/#breadcrumb","itemListElement":[{"@type":"ListItem","position":1,"name":"Home","item":"https:\/\/nordicprime.me\/"},{"@type":"ListItem","position":2,"name":"Shop","item":"https:\/\/nordicprime.me\/fi\/shop\/"},{"@type":"ListItem","position":3,"name":"IPTV \u2013 12 months"}]},{"@type":"WebSite","@id":"https:\/\/nordicprime.me\/#website","url":"https:\/\/nordicprime.me\/","name":"NORDISCH PRIME","description":"PREMIUM-IPTV-ANBIETER","publisher":{"@id":"https:\/\/nordicprime.me\/#organization"},"potentialAction":[{"@type":"SearchAction","target":{"@type":"EntryPoint","urlTemplate":"https:\/\/nordicprime.me\/?s={search_term_string}"},"query-input":{"@type":"PropertyValueSpecification","valueRequired":true,"valueName":"search_term_string"}}],"inLanguage":"de"},{"@type":"Organization","@id":"https:\/\/nordicprime.me\/#organization","name":"Streamy IPTV","url":"https:\/\/nordicprime.me\/","logo":{"@type":"ImageObject","inLanguage":"de","@id":"https:\/\/nordicprime.me\/#\/schema\/logo\/image\/","url":"https:\/\/nordicprime.me\/wp-content\/uploads\/2021\/11\/logo.png","contentUrl":"https:\/\/nordicprime.me\/wp-content\/uploads\/2021\/11\/logo.png","width":236,"height":70,"caption":"Streamy IPTV"},"image":{"@id":"https:\/\/nordicprime.me\/#\/schema\/logo\/image\/"}}]}},"_links":{"self":[{"href":"https:\/\/nordicprime.me\/de\/wp-json\/wp\/v2\/product\/4380","targetHints":{"allow":["GET"]}}],"collection":[{"href":"https:\/\/nordicprime.me\/de\/wp-json\/wp\/v2\/product"}],"about":[{"href":"https:\/\/nordicprime.me\/de\/wp-json\/wp\/v2\/types\/product"}],"wp:featuredmedia":[{"embeddable":true,"href":"https:\/\/nordicprime.me\/de\/wp-json\/wp\/v2\/media\/4653"}],"wp:attachment":[{"href":"https:\/\/nordicprime.me\/de\/wp-json\/wp\/v2\/media?parent=4380"}],"wp:term":[{"taxonomy":"product_brand","embeddable":true,"href":"https:\/\/nordicprime.me\/de\/wp-json\/wp\/v2\/product_brand?post=4380"},{"taxonomy":"product_cat","embeddable":true,"href":"https:\/\/nordicprime.me\/de\/wp-json\/wp\/v2\/product_cat?post=4380"},{"taxonomy":"product_tag","embeddable":true,"href":"https:\/\/nordicprime.me\/de\/wp-json\/wp\/v2\/product_tag?post=4380"}],"curies":[{"name":"wp","href":"https:\/\/api.w.org\/{rel}","templated":true}]}}